{"id":4017,"date":"2024-04-14T11:20:13","date_gmt":"2024-04-14T09:20:13","guid":{"rendered":"https:\/\/keunjoo.se\/events\/"},"modified":"2024-04-24T13:38:26","modified_gmt":"2024-04-24T11:38:26","slug":"events","status":"publish","type":"page","link":"https:\/\/keunjoo.se\/en\/events\/","title":{"rendered":"Events"},"content":{"rendered":"\t\t<div data-elementor-type=\"wp-page\" data-elementor-id=\"4017\" class=\"elementor elementor-4017 elementor-4011\" data-elementor-post-type=\"page\">\n\t\t\t\t<div class=\"elementor-element elementor-element-b904c47 wd-section-stretch add_shape_divider_bottom e-flex e-con-boxed e-con e-parent\" data-id=\"b904c47\" data-element_type=\"container\" data-settings=\"{&quot;background_background&quot;:&quot;classic&quot;}\">\n\t\t\t\t\t<div class=\"e-con-inner\">\n\t\t\t\t<div class=\"elementor-element elementor-element-9562872 elementor-widget elementor-widget-heading\" data-id=\"9562872\" data-element_type=\"widget\" data-widget_type=\"heading.default\">\n\t\t\t\t<div class=\"elementor-widget-container\">\n\t\t\t\t\t<h1 class=\"elementor-heading-title elementor-size-default\">Events<\/h1>\t\t\t\t<\/div>\n\t\t\t\t<\/div>\n\t\t\t\t\t<\/div>\n\t\t\t\t<\/div>\n\t\t<div class=\"elementor-element elementor-element-ef340a0 wd-section-stretch e-flex e-con-boxed e-con e-parent\" data-id=\"ef340a0\" data-element_type=\"container\" data-settings=\"{&quot;background_background&quot;:&quot;classic&quot;}\">\n\t\t\t\t\t<div class=\"e-con-inner\">\n\t\t\t\t<div class=\"elementor-element elementor-element-3e3eff8 keunjoo_blog_module wd-width-100 elementor-widget elementor-widget-wd_blog\" data-id=\"3e3eff8\" data-element_type=\"widget\" data-widget_type=\"wd_blog.default\">\n\t\t\t\t<div class=\"elementor-widget-container\">\n\t\t\t\t\t\t\t\t<link rel=\"stylesheet\" id=\"wd-blog-base-css\" href=\"https:\/\/keunjoo.se\/wp-content\/themes\/woodmart\/css\/parts\/blog-base.min.css?ver=7.4.3\" type=\"text\/css\" media=\"all\" \/> \t\t\t\t\t\t<link rel=\"stylesheet\" id=\"wd-blog-loop-base-old-css\" href=\"https:\/\/keunjoo.se\/wp-content\/themes\/woodmart\/css\/parts\/blog-loop-base-old.min.css?ver=7.4.3\" type=\"text\/css\" media=\"all\" \/> \t\t\t\t\t\t<link rel=\"stylesheet\" id=\"wd-blog-loop-design-masonry-css\" href=\"https:\/\/keunjoo.se\/wp-content\/themes\/woodmart\/css\/parts\/blog-loop-design-masonry.min.css?ver=7.4.3\" type=\"text\/css\" media=\"all\" \/> \t\t\t\t\t\t\t\t\t\t<div class=\"wd-blog-element\">\n\t\t\t\t\t<div class=\"wd-posts wd-blog-holder wd-masonry wd-grid-f-col\" id=\"69d0e3dd895d1\" data-paged=\"1\" data-atts=\"{&quot;post_type&quot;:&quot;post&quot;,&quot;items_per_page&quot;:12,&quot;include&quot;:null,&quot;taxonomies&quot;:&quot;&quot;,&quot;offset&quot;:&quot;&quot;,&quot;orderby&quot;:&quot;menu_order&quot;,&quot;order&quot;:&quot;ASC&quot;,&quot;meta_key&quot;:null,&quot;exclude&quot;:&quot;&quot;,&quot;parts_media&quot;:true,&quot;parts_title&quot;:&quot;1&quot;,&quot;parts_meta&quot;:&quot;&quot;,&quot;parts_text&quot;:&quot;1&quot;,&quot;parts_btn&quot;:&quot;&quot;,&quot;img_size&quot;:&quot;custom&quot;,&quot;blog_design&quot;:&quot;masonry&quot;,&quot;blog_carousel_design&quot;:null,&quot;blog_columns&quot;:{&quot;unit&quot;:&quot;px&quot;,&quot;size&quot;:3,&quot;sizes&quot;:[]},&quot;blog_columns_tablet&quot;:{&quot;size&quot;:&quot;&quot;},&quot;blog_columns_mobile&quot;:{&quot;size&quot;:&quot;&quot;},&quot;blog_spacing&quot;:&quot;&quot;,&quot;blog_spacing_tablet&quot;:&quot;&quot;,&quot;blog_spacing_mobile&quot;:&quot;&quot;,&quot;pagination&quot;:&quot;more-btn&quot;,&quot;speed&quot;:null,&quot;slides_per_view&quot;:null,&quot;slides_per_view_tablet&quot;:{&quot;size&quot;:&quot;&quot;},&quot;slides_per_view_mobile&quot;:{&quot;size&quot;:&quot;&quot;},&quot;wrap&quot;:null,&quot;autoplay&quot;:null,&quot;hide_pagination_control&quot;:null,&quot;hide_prev_next_buttons&quot;:null,&quot;scroll_per_page&quot;:null,&quot;lazy_loading&quot;:&quot;no&quot;,&quot;scroll_carousel_init&quot;:null,&quot;ajax_page&quot;:&quot;&quot;,&quot;custom_sizes&quot;:false,&quot;elementor&quot;:true}\" data-source=\"shortcode\" style=\"--wd-col-lg:3;--wd-col-md:3;--wd-col-sm:1;--wd-gap-lg:20px;--wd-gap-sm:10px;\">\n\t\t\t\n\t\t\t\t\t\t\t\t\t\t\t\t\t\t\t\t\t\t\t\n<article id=\"post-5122\" class=\"wd-post blog-design-masonry blog-post-loop blog-style-bg wd-add-shadow wd-col post-5122 post type-post status-publish format-standard has-post-thumbnail hentry category-dj-en tag-asian-restaurant-en tag-dj-en\">\n\t<div class=\"article-inner\">\n\t\t\t\t\t<header class=\"entry-header\">\n\t\t\t\t\t\t\t\t\t<figure id=\"carousel-201\" class=\"entry-thumbnail\">\n\t\t\t\t\t\t\n\t\t\t\t\t\t\t<div class=\"post-img-wrapp\">\n\t\t\t\t\t\t\t\t<a href=\"https:\/\/keunjoo.se\/en\/club-kj-n-dj-dennis\/\">\n\t\t\t\t\t\t\t\t\t<img fetchpriority=\"high\" decoding=\"async\" width=\"640\" height=\"960\" src=\"https:\/\/keunjoo.se\/wp-content\/uploads\/2025\/11\/81232E26-FB1A-458A-B807-1816EAD87381.jpeg\" class=\"attachment-1000x1000 size-1000x1000\" alt=\"\" srcset=\"https:\/\/keunjoo.se\/wp-content\/uploads\/2025\/11\/81232E26-FB1A-458A-B807-1816EAD87381.jpeg 640w, https:\/\/keunjoo.se\/wp-content\/uploads\/2025\/11\/81232E26-FB1A-458A-B807-1816EAD87381-200x300.jpeg 200w\" sizes=\"(max-width: 640px) 100vw, 640px\" \/>\t\t\t\t\t\t\t\t<\/a>\n\t\t\t\t\t\t\t<\/div>\n\t\t\t\t\t\t\t<div class=\"post-image-mask\">\n\t\t\t\t\t\t\t\t<span><\/span>\n\t\t\t\t\t\t\t<\/div>\n\n\t\t\t\t\t\t\n\t\t\t\t\t<\/figure>\n\t\t\t\t\n\t\t\t\t\t\t\t\t\t\t\t\t<div class=\"post-date wd-post-date wd-style-with-bg\">\n\t\t\t\t<span class=\"post-date-day\">\n\t\t\t\t\t<span class='keunjoo_event_field1_large'>3\/4<\/span>\t\t\t\t<\/span>\n\t\t\t\t<span class=\"post-date-month\">\n\t\t\t\t\t<span class='keunjoo_event_field2_small'><\/span>\t\t\t\t<\/span>\n\t\t\t<\/div>\n\t\t\t\t\t\t\n\t\t\t<\/header><!-- .entry-header -->\n\n\t\t<div class=\"article-body-container\">\n\t\t\t\n\t\t\t\t\n\t\t\t\t\t\t\t\t\t<h3 class=\"wd-entities-title title post-title\">\n\t\t\t\t\t\t<a href=\"https:\/\/keunjoo.se\/en\/club-kj-n-dj-dennis\/\" rel=\"bookmark\">Club KJ n DJ Dennis<\/a>\n\t\t\t\t\t<\/h3>\n\t\t\t\t\n\t\t\t\t\t\t\t\n\t\t\t\t\t\t\t\n\t\t\t\t                    <div class=\"entry-content wd-entry-content\">\n\t\t\t\t\t\t\nThe club starts 2300. 100 SEK entrance from 2230. You need to be 20 years of age.  \n...\n\t\t\t\t\t\t\t\t\t\t\t<\/div><!-- .entry-content -->\n\t\t\t\t\n\t\t\t\t\t\t\t\n\t\t\t\n\t\t\t\t\t<\/div>\n\t<\/div>\n<\/article><!-- #post -->\n\n\n\t\t\t\t\t\t\t\t\t\t\t\t\t\t\t\t\t\t\t\n<article id=\"post-5240\" class=\"wd-post blog-design-masonry blog-post-loop blog-style-bg wd-add-shadow wd-col post-5240 post type-post status-publish format-standard has-post-thumbnail hentry category-dj-en tag-asian-restaurant-en tag-club-kj-en tag-dj-en\">\n\t<div class=\"article-inner\">\n\t\t\t\t\t<header class=\"entry-header\">\n\t\t\t\t\t\t\t\t\t<figure id=\"carousel-356\" class=\"entry-thumbnail\">\n\t\t\t\t\t\t\n\t\t\t\t\t\t\t<div class=\"post-img-wrapp\">\n\t\t\t\t\t\t\t\t<a href=\"https:\/\/keunjoo.se\/en\/jacob-club-kj\/\">\n\t\t\t\t\t\t\t\t\t<img decoding=\"async\" width=\"1000\" height=\"1000\" src=\"https:\/\/keunjoo.se\/wp-content\/uploads\/2025\/12\/3C75B715-85F7-4612-91A1-FB1BAFD84A71-1000x1000.jpeg\" class=\"attachment-1000x1000 size-1000x1000\" alt=\"\" \/>\t\t\t\t\t\t\t\t<\/a>\n\t\t\t\t\t\t\t<\/div>\n\t\t\t\t\t\t\t<div class=\"post-image-mask\">\n\t\t\t\t\t\t\t\t<span><\/span>\n\t\t\t\t\t\t\t<\/div>\n\n\t\t\t\t\t\t\n\t\t\t\t\t<\/figure>\n\t\t\t\t\n\t\t\t\t\t\t\t\t\t\t\t\t<div class=\"post-date wd-post-date wd-style-with-bg\">\n\t\t\t\t<span class=\"post-date-day\">\n\t\t\t\t\t<span class='keunjoo_event_field1_large'>4\/4 <\/span>\t\t\t\t<\/span>\n\t\t\t\t<span class=\"post-date-month\">\n\t\t\t\t\t<span class='keunjoo_event_field2_small'><\/span>\t\t\t\t<\/span>\n\t\t\t<\/div>\n\t\t\t\t\t\t\n\t\t\t<\/header><!-- .entry-header -->\n\n\t\t<div class=\"article-body-container\">\n\t\t\t\n\t\t\t\t\n\t\t\t\t\t\t\t\t\t<h3 class=\"wd-entities-title title post-title\">\n\t\t\t\t\t\t<a href=\"https:\/\/keunjoo.se\/en\/jacob-club-kj\/\" rel=\"bookmark\">Jacob &amp; Club KJ<\/a>\n\t\t\t\t\t<\/h3>\n\t\t\t\t\n\t\t\t\t\t\t\t\n\t\t\t\t\t\t\t\n\t\t\t\t                    <div class=\"entry-content wd-entry-content\">\n\t\t\t\t\t\t\nTonight we have Jacob that spins in the basement between 2300-0300. 105SEK entrance ...\n\t\t\t\t\t\t\t\t\t\t\t<\/div><!-- .entry-content -->\n\t\t\t\t\n\t\t\t\t\t\t\t\n\t\t\t\n\t\t\t\t\t<\/div>\n\t<\/div>\n<\/article><!-- #post -->\n\n\n\t\t\t\t\t\t\t\t\t\t\t\t\t\t\t\t\t\t\t\n<article id=\"post-5222\" class=\"wd-post blog-design-masonry blog-post-loop blog-style-bg wd-add-shadow wd-col post-5222 post type-post status-publish format-standard has-post-thumbnail hentry category-dj-en tag-asian-restaurant-en tag-club-kj-en tag-dj-en\">\n\t<div class=\"article-inner\">\n\t\t\t\t\t<header class=\"entry-header\">\n\t\t\t\t\t\t\t\t\t<figure id=\"carousel-843\" class=\"entry-thumbnail\">\n\t\t\t\t\t\t\n\t\t\t\t\t\t\t<div class=\"post-img-wrapp\">\n\t\t\t\t\t\t\t\t<a href=\"https:\/\/keunjoo.se\/en\/club-kj-feat-dj-b-dot\/\">\n\t\t\t\t\t\t\t\t\t<img decoding=\"async\" width=\"1000\" height=\"1000\" src=\"https:\/\/keunjoo.se\/wp-content\/uploads\/2025\/11\/5238ACEB-954E-4248-ACC1-6618DE913CA0-1000x1000.jpeg\" class=\"attachment-1000x1000 size-1000x1000\" alt=\"\" \/>\t\t\t\t\t\t\t\t<\/a>\n\t\t\t\t\t\t\t<\/div>\n\t\t\t\t\t\t\t<div class=\"post-image-mask\">\n\t\t\t\t\t\t\t\t<span><\/span>\n\t\t\t\t\t\t\t<\/div>\n\n\t\t\t\t\t\t\n\t\t\t\t\t<\/figure>\n\t\t\t\t\n\t\t\t\t\t\t\t\t\t\t\t\t<div class=\"post-date wd-post-date wd-style-with-bg\">\n\t\t\t\t<span class=\"post-date-day\">\n\t\t\t\t\t<span class='keunjoo_event_field1_large'>20\/3<\/span>\t\t\t\t<\/span>\n\t\t\t\t<span class=\"post-date-month\">\n\t\t\t\t\t<span class='keunjoo_event_field2_small'><\/span>\t\t\t\t<\/span>\n\t\t\t<\/div>\n\t\t\t\t\t\t\n\t\t\t<\/header><!-- .entry-header -->\n\n\t\t<div class=\"article-body-container\">\n\t\t\t\n\t\t\t\t\n\t\t\t\t\t\t\t\t\t<h3 class=\"wd-entities-title title post-title\">\n\t\t\t\t\t\t<a href=\"https:\/\/keunjoo.se\/en\/club-kj-feat-dj-b-dot\/\" rel=\"bookmark\">Club KJ feat DJ B-dot!<\/a>\n\t\t\t\t\t<\/h3>\n\t\t\t\t\n\t\t\t\t\t\t\t\n\t\t\t\t\t\t\t\n\t\t\t\t                    <div class=\"entry-content wd-entry-content\">\n\t\t\t\t\t\t\nTonight DJ B-dot will be testing his wings at keun joo and playing between 2300-0300...\n\t\t\t\t\t\t\t\t\t\t\t<\/div><!-- .entry-content -->\n\t\t\t\t\n\t\t\t\t\t\t\t\n\t\t\t\n\t\t\t\t\t<\/div>\n\t<\/div>\n<\/article><!-- #post -->\n\n\n\t\t\t\t\t\t\t\t\t\t\t\t\t\t\t\t\t\t\t\n<article id=\"post-4812\" class=\"wd-post blog-design-masonry blog-post-loop blog-style-bg wd-add-shadow wd-col post-4812 post type-post status-publish format-standard has-post-thumbnail hentry category-dj-en tag-asian-restaurant-en tag-dj-en\">\n\t<div class=\"article-inner\">\n\t\t\t\t\t<header class=\"entry-header\">\n\t\t\t\t\t\t\t\t\t<figure id=\"carousel-931\" class=\"entry-thumbnail\">\n\t\t\t\t\t\t\n\t\t\t\t\t\t\t<div class=\"post-img-wrapp\">\n\t\t\t\t\t\t\t\t<a href=\"https:\/\/keunjoo.se\/en\/klubb-kj-dj-takko\/\">\n\t\t\t\t\t\t\t\t\t<img loading=\"lazy\" decoding=\"async\" width=\"1000\" height=\"1000\" src=\"https:\/\/keunjoo.se\/wp-content\/uploads\/2025\/08\/EA150C75-26B4-4202-992D-5A2D065DF38B-1000x1000.jpeg\" class=\"attachment-1000x1000 size-1000x1000\" alt=\"\" \/>\t\t\t\t\t\t\t\t<\/a>\n\t\t\t\t\t\t\t<\/div>\n\t\t\t\t\t\t\t<div class=\"post-image-mask\">\n\t\t\t\t\t\t\t\t<span><\/span>\n\t\t\t\t\t\t\t<\/div>\n\n\t\t\t\t\t\t\n\t\t\t\t\t<\/figure>\n\t\t\t\t\n\t\t\t\t\t\t\t\t\t\t\t\t<div class=\"post-date wd-post-date wd-style-with-bg\">\n\t\t\t\t<span class=\"post-date-day\">\n\t\t\t\t\t<span class='keunjoo_event_field1_large'>21\/3<\/span>\t\t\t\t<\/span>\n\t\t\t\t<span class=\"post-date-month\">\n\t\t\t\t\t<span class='keunjoo_event_field2_small'><\/span>\t\t\t\t<\/span>\n\t\t\t<\/div>\n\t\t\t\t\t\t\n\t\t\t<\/header><!-- .entry-header -->\n\n\t\t<div class=\"article-body-container\">\n\t\t\t\n\t\t\t\t\n\t\t\t\t\t\t\t\t\t<h3 class=\"wd-entities-title title post-title\">\n\t\t\t\t\t\t<a href=\"https:\/\/keunjoo.se\/en\/klubb-kj-dj-takko\/\" rel=\"bookmark\">Klubb KJ + DJ Takko<\/a>\n\t\t\t\t\t<\/h3>\n\t\t\t\t\n\t\t\t\t\t\t\t\n\t\t\t\t\t\t\t\n\t\t\t\t                    <div class=\"entry-content wd-entry-content\">\n\t\t\t\t\t\t\nTonight is the night Oliver Lindg\u00e5rde takes the dj-boothe from 2200 and plays till 0...\n\t\t\t\t\t\t\t\t\t\t\t<\/div><!-- .entry-content -->\n\t\t\t\t\n\t\t\t\t\t\t\t\n\t\t\t\n\t\t\t\t\t<\/div>\n\t<\/div>\n<\/article><!-- #post -->\n\n\n\t\t\t\t\t\t\t\t\t\t\t\t\t\t\t\t\t\t\t\n<article id=\"post-4600\" class=\"wd-post blog-design-masonry blog-post-loop blog-style-bg wd-add-shadow wd-col post-4600 post type-post status-publish format-standard has-post-thumbnail hentry category-dj-en tag-club-kj-en tag-dj-en\">\n\t<div class=\"article-inner\">\n\t\t\t\t\t<header class=\"entry-header\">\n\t\t\t\t\t\t\t\t\t<figure id=\"carousel-782\" class=\"entry-thumbnail\">\n\t\t\t\t\t\t\n\t\t\t\t\t\t\t<div class=\"post-img-wrapp\">\n\t\t\t\t\t\t\t\t<a href=\"https:\/\/keunjoo.se\/en\/club-kj\/\">\n\t\t\t\t\t\t\t\t\t<img loading=\"lazy\" decoding=\"async\" width=\"1000\" height=\"1000\" src=\"https:\/\/keunjoo.se\/wp-content\/uploads\/2025\/03\/2FB991EA-7EB7-4B11-A983-5BE6F0C4C42B-1000x1000.jpeg\" class=\"attachment-1000x1000 size-1000x1000\" alt=\"\" \/>\t\t\t\t\t\t\t\t<\/a>\n\t\t\t\t\t\t\t<\/div>\n\t\t\t\t\t\t\t<div class=\"post-image-mask\">\n\t\t\t\t\t\t\t\t<span><\/span>\n\t\t\t\t\t\t\t<\/div>\n\n\t\t\t\t\t\t\n\t\t\t\t\t<\/figure>\n\t\t\t\t\n\t\t\t\t\t\t\t\t\t\t\t\t<div class=\"post-date wd-post-date wd-style-with-bg\">\n\t\t\t\t<span class=\"post-date-day\">\n\t\t\t\t\t<span class='keunjoo_event_field1_large'>21\/3<\/span>\t\t\t\t<\/span>\n\t\t\t\t<span class=\"post-date-month\">\n\t\t\t\t\t<span class='keunjoo_event_field2_small'><\/span>\t\t\t\t<\/span>\n\t\t\t<\/div>\n\t\t\t\t\t\t\n\t\t\t<\/header><!-- .entry-header -->\n\n\t\t<div class=\"article-body-container\">\n\t\t\t\n\t\t\t\t\n\t\t\t\t\t\t\t\t\t<h3 class=\"wd-entities-title title post-title\">\n\t\t\t\t\t\t<a href=\"https:\/\/keunjoo.se\/en\/club-kj\/\" rel=\"bookmark\">Club KJ &amp; Lucas Claesson<\/a>\n\t\t\t\t\t<\/h3>\n\t\t\t\t\n\t\t\t\t\t\t\t\n\t\t\t\t\t\t\t\n\t\t\t\t                    <div class=\"entry-content wd-entry-content\">\n\t\t\t\t\t\t\nSaturday 29\/3 the party is on until 0300. Benjamin and Amelie in the bar and Lucas Claesson is the dj for the eve...\n\t\t\t\t\t\t\t\t\t\t\t<\/div><!-- .entry-content -->\n\t\t\t\t\n\t\t\t\t\t\t\t\n\t\t\t\n\t\t\t\t\t<\/div>\n\t<\/div>\n<\/article><!-- #post -->\n\n\n\t\t\t\t\n\t\t\t\t\t\t\t\t<\/div>\n\t\t\t\n\t\t\t\t\t\t\t\t\t\t<\/div>\n\t\t\t\t\t\t\t\t\t\t<\/div>\n\t\t\t\t<\/div>\n\t\t\t\t\t<\/div>\n\t\t\t\t<\/div>\n\t\t\t\t<\/div>\n\t\t","protected":false},"excerpt":{"rendered":"<p>Events 11 MAJ 7-r\u00e4tters middag fr\u00e5n Japan Vi presenterar stolt v\u00e5r kollega fr\u00e5n f\u00f6rr, Baggie som tar \u00f6ver k\u00f6ket f\u00f6r<\/p>\n","protected":false},"author":1,"featured_media":0,"parent":0,"menu_order":0,"comment_status":"closed","ping_status":"closed","template":"","meta":{"_acf_changed":false,"footnotes":""},"class_list":["post-4017","page","type-page","status-publish","hentry"],"acf":[],"yoast_head":"<!-- This site is optimized with the Yoast SEO plugin v27.3 - https:\/\/yoast.com\/product\/yoast-seo-wordpress\/ -->\n<title>Events - keun joo<\/title>\n<meta name=\"robots\" content=\"index, follow, max-snippet:-1, max-image-preview:large, max-video-preview:-1\" \/>\n<link rel=\"canonical\" href=\"https:\/\/keunjoo.se\/en\/events\/\" \/>\n<meta property=\"og:locale\" content=\"en_US\" \/>\n<meta property=\"og:type\" content=\"article\" \/>\n<meta property=\"og:title\" content=\"Events - keun joo\" \/>\n<meta property=\"og:description\" content=\"Events 11 MAJ 7-r\u00e4tters middag fr\u00e5n Japan Vi presenterar stolt v\u00e5r kollega fr\u00e5n f\u00f6rr, Baggie som tar \u00f6ver k\u00f6ket f\u00f6r\" \/>\n<meta property=\"og:url\" content=\"https:\/\/keunjoo.se\/en\/events\/\" \/>\n<meta property=\"og:site_name\" content=\"keun joo\" \/>\n<meta property=\"article:publisher\" content=\"https:\/\/www.facebook.com\/restaurangkeunjoo\" \/>\n<meta property=\"article:modified_time\" content=\"2024-04-24T11:38:26+00:00\" \/>\n<meta property=\"og:image\" content=\"https:\/\/keunjoo.se\/wp-content\/uploads\/2024\/04\/baggie_event-1000x1000.jpg\" \/>\n<meta name=\"twitter:card\" content=\"summary_large_image\" \/>\n<meta name=\"twitter:label1\" content=\"Est. reading time\" \/>\n\t<meta name=\"twitter:data1\" content=\"1 minute\" \/>\n<script type=\"application\/ld+json\" class=\"yoast-schema-graph\">{\"@context\":\"https:\\\/\\\/schema.org\",\"@graph\":[{\"@type\":\"WebPage\",\"@id\":\"https:\\\/\\\/keunjoo.se\\\/en\\\/events\\\/\",\"url\":\"https:\\\/\\\/keunjoo.se\\\/en\\\/events\\\/\",\"name\":\"Events - keun joo\",\"isPartOf\":{\"@id\":\"https:\\\/\\\/keunjoo.se\\\/en\\\/#website\"},\"primaryImageOfPage\":{\"@id\":\"https:\\\/\\\/keunjoo.se\\\/en\\\/events\\\/#primaryimage\"},\"image\":{\"@id\":\"https:\\\/\\\/keunjoo.se\\\/en\\\/events\\\/#primaryimage\"},\"thumbnailUrl\":\"https:\\\/\\\/keunjoo.se\\\/wp-content\\\/uploads\\\/2024\\\/04\\\/baggie_event-1000x1000.jpg\",\"datePublished\":\"2024-04-14T09:20:13+00:00\",\"dateModified\":\"2024-04-24T11:38:26+00:00\",\"breadcrumb\":{\"@id\":\"https:\\\/\\\/keunjoo.se\\\/en\\\/events\\\/#breadcrumb\"},\"inLanguage\":\"en-US\",\"potentialAction\":[{\"@type\":\"ReadAction\",\"target\":[\"https:\\\/\\\/keunjoo.se\\\/en\\\/events\\\/\"]}]},{\"@type\":\"ImageObject\",\"inLanguage\":\"en-US\",\"@id\":\"https:\\\/\\\/keunjoo.se\\\/en\\\/events\\\/#primaryimage\",\"url\":\"https:\\\/\\\/keunjoo.se\\\/wp-content\\\/uploads\\\/2024\\\/04\\\/baggie_event-1000x1000.jpg\",\"contentUrl\":\"https:\\\/\\\/keunjoo.se\\\/wp-content\\\/uploads\\\/2024\\\/04\\\/baggie_event-1000x1000.jpg\"},{\"@type\":\"BreadcrumbList\",\"@id\":\"https:\\\/\\\/keunjoo.se\\\/en\\\/events\\\/#breadcrumb\",\"itemListElement\":[{\"@type\":\"ListItem\",\"position\":1,\"name\":\"Hem\",\"item\":\"https:\\\/\\\/keunjoo.se\\\/en\\\/home\\\/\"},{\"@type\":\"ListItem\",\"position\":2,\"name\":\"Events\"}]},{\"@type\":\"WebSite\",\"@id\":\"https:\\\/\\\/keunjoo.se\\\/en\\\/#website\",\"url\":\"https:\\\/\\\/keunjoo.se\\\/en\\\/\",\"name\":\"keun joo\",\"description\":\"Eny ny matupplevelse i V\u00e4xj\u00f6\",\"publisher\":{\"@id\":\"https:\\\/\\\/keunjoo.se\\\/en\\\/#organization\"},\"potentialAction\":[{\"@type\":\"SearchAction\",\"target\":{\"@type\":\"EntryPoint\",\"urlTemplate\":\"https:\\\/\\\/keunjoo.se\\\/en\\\/?s={search_term_string}\"},\"query-input\":{\"@type\":\"PropertyValueSpecification\",\"valueRequired\":true,\"valueName\":\"search_term_string\"}}],\"inLanguage\":\"en-US\"},{\"@type\":\"Organization\",\"@id\":\"https:\\\/\\\/keunjoo.se\\\/en\\\/#organization\",\"name\":\"keun joo\",\"url\":\"https:\\\/\\\/keunjoo.se\\\/en\\\/\",\"logo\":{\"@type\":\"ImageObject\",\"inLanguage\":\"en-US\",\"@id\":\"https:\\\/\\\/keunjoo.se\\\/en\\\/#\\\/schema\\\/logo\\\/image\\\/\",\"url\":\"https:\\\/\\\/keunjoo.se\\\/wp-content\\\/uploads\\\/2020\\\/08\\\/logo.svg\",\"contentUrl\":\"https:\\\/\\\/keunjoo.se\\\/wp-content\\\/uploads\\\/2020\\\/08\\\/logo.svg\",\"width\":255,\"height\":85,\"caption\":\"keun joo\"},\"image\":{\"@id\":\"https:\\\/\\\/keunjoo.se\\\/en\\\/#\\\/schema\\\/logo\\\/image\\\/\"},\"sameAs\":[\"https:\\\/\\\/www.facebook.com\\\/restaurangkeunjoo\"]}]}<\/script>\n<!-- \/ Yoast SEO plugin. -->","yoast_head_json":{"title":"Events - keun joo","robots":{"index":"index","follow":"follow","max-snippet":"max-snippet:-1","max-image-preview":"max-image-preview:large","max-video-preview":"max-video-preview:-1"},"canonical":"https:\/\/keunjoo.se\/en\/events\/","og_locale":"en_US","og_type":"article","og_title":"Events - keun joo","og_description":"Events 11 MAJ 7-r\u00e4tters middag fr\u00e5n Japan Vi presenterar stolt v\u00e5r kollega fr\u00e5n f\u00f6rr, Baggie som tar \u00f6ver k\u00f6ket f\u00f6r","og_url":"https:\/\/keunjoo.se\/en\/events\/","og_site_name":"keun joo","article_publisher":"https:\/\/www.facebook.com\/restaurangkeunjoo","article_modified_time":"2024-04-24T11:38:26+00:00","og_image":[{"url":"https:\/\/keunjoo.se\/wp-content\/uploads\/2024\/04\/baggie_event-1000x1000.jpg","type":"","width":"","height":""}],"twitter_card":"summary_large_image","twitter_misc":{"Est. reading time":"1 minute"},"schema":{"@context":"https:\/\/schema.org","@graph":[{"@type":"WebPage","@id":"https:\/\/keunjoo.se\/en\/events\/","url":"https:\/\/keunjoo.se\/en\/events\/","name":"Events - keun joo","isPartOf":{"@id":"https:\/\/keunjoo.se\/en\/#website"},"primaryImageOfPage":{"@id":"https:\/\/keunjoo.se\/en\/events\/#primaryimage"},"image":{"@id":"https:\/\/keunjoo.se\/en\/events\/#primaryimage"},"thumbnailUrl":"https:\/\/keunjoo.se\/wp-content\/uploads\/2024\/04\/baggie_event-1000x1000.jpg","datePublished":"2024-04-14T09:20:13+00:00","dateModified":"2024-04-24T11:38:26+00:00","breadcrumb":{"@id":"https:\/\/keunjoo.se\/en\/events\/#breadcrumb"},"inLanguage":"en-US","potentialAction":[{"@type":"ReadAction","target":["https:\/\/keunjoo.se\/en\/events\/"]}]},{"@type":"ImageObject","inLanguage":"en-US","@id":"https:\/\/keunjoo.se\/en\/events\/#primaryimage","url":"https:\/\/keunjoo.se\/wp-content\/uploads\/2024\/04\/baggie_event-1000x1000.jpg","contentUrl":"https:\/\/keunjoo.se\/wp-content\/uploads\/2024\/04\/baggie_event-1000x1000.jpg"},{"@type":"BreadcrumbList","@id":"https:\/\/keunjoo.se\/en\/events\/#breadcrumb","itemListElement":[{"@type":"ListItem","position":1,"name":"Hem","item":"https:\/\/keunjoo.se\/en\/home\/"},{"@type":"ListItem","position":2,"name":"Events"}]},{"@type":"WebSite","@id":"https:\/\/keunjoo.se\/en\/#website","url":"https:\/\/keunjoo.se\/en\/","name":"keun joo","description":"Eny ny matupplevelse i V\u00e4xj\u00f6","publisher":{"@id":"https:\/\/keunjoo.se\/en\/#organization"},"potentialAction":[{"@type":"SearchAction","target":{"@type":"EntryPoint","urlTemplate":"https:\/\/keunjoo.se\/en\/?s={search_term_string}"},"query-input":{"@type":"PropertyValueSpecification","valueRequired":true,"valueName":"search_term_string"}}],"inLanguage":"en-US"},{"@type":"Organization","@id":"https:\/\/keunjoo.se\/en\/#organization","name":"keun joo","url":"https:\/\/keunjoo.se\/en\/","logo":{"@type":"ImageObject","inLanguage":"en-US","@id":"https:\/\/keunjoo.se\/en\/#\/schema\/logo\/image\/","url":"https:\/\/keunjoo.se\/wp-content\/uploads\/2020\/08\/logo.svg","contentUrl":"https:\/\/keunjoo.se\/wp-content\/uploads\/2020\/08\/logo.svg","width":255,"height":85,"caption":"keun joo"},"image":{"@id":"https:\/\/keunjoo.se\/en\/#\/schema\/logo\/image\/"},"sameAs":["https:\/\/www.facebook.com\/restaurangkeunjoo"]}]}},"_links":{"self":[{"href":"https:\/\/keunjoo.se\/en\/wp-json\/wp\/v2\/pages\/4017","targetHints":{"allow":["GET"]}}],"collection":[{"href":"https:\/\/keunjoo.se\/en\/wp-json\/wp\/v2\/pages"}],"about":[{"href":"https:\/\/keunjoo.se\/en\/wp-json\/wp\/v2\/types\/page"}],"author":[{"embeddable":true,"href":"https:\/\/keunjoo.se\/en\/wp-json\/wp\/v2\/users\/1"}],"replies":[{"embeddable":true,"href":"https:\/\/keunjoo.se\/en\/wp-json\/wp\/v2\/comments?post=4017"}],"version-history":[{"count":9,"href":"https:\/\/keunjoo.se\/en\/wp-json\/wp\/v2\/pages\/4017\/revisions"}],"predecessor-version":[{"id":4348,"href":"https:\/\/keunjoo.se\/en\/wp-json\/wp\/v2\/pages\/4017\/revisions\/4348"}],"wp:attachment":[{"href":"https:\/\/keunjoo.se\/en\/wp-json\/wp\/v2\/media?parent=4017"}],"curies":[{"name":"wp","href":"https:\/\/api.w.org\/{rel}","templated":true}]}}