{"id":2819,"date":"2020-08-13T10:43:26","date_gmt":"2020-08-13T08:43:26","guid":{"rendered":"https:\/\/keunjoo.se\/contact-us\/"},"modified":"2024-04-13T19:30:55","modified_gmt":"2024-04-13T17:30:55","slug":"contact-us","status":"publish","type":"page","link":"https:\/\/keunjoo.se\/en\/contact-us\/","title":{"rendered":"Contact us"},"content":{"rendered":"\t\t<div data-elementor-type=\"wp-page\" data-elementor-id=\"2819\" class=\"elementor elementor-2819 elementor-58\" data-elementor-post-type=\"page\">\n\t\t\t\t<div class=\"elementor-element elementor-element-03c8158 wd-section-stretch add_shape_divider_bottom e-flex e-con-boxed e-con e-parent\" data-id=\"03c8158\" data-element_type=\"container\" data-settings=\"{&quot;background_background&quot;:&quot;classic&quot;}\">\n\t\t\t\t\t<div class=\"e-con-inner\">\n\t\t\t\t<div class=\"elementor-element elementor-element-6bc0505 elementor-widget elementor-widget-heading\" data-id=\"6bc0505\" data-element_type=\"widget\" data-widget_type=\"heading.default\">\n\t\t\t\t<div class=\"elementor-widget-container\">\n\t\t\t\t\t<h1 class=\"elementor-heading-title elementor-size-default\">Contact us<\/h1>\t\t\t\t<\/div>\n\t\t\t\t<\/div>\n\t\t\t\t\t<\/div>\n\t\t\t\t<\/div>\n\t\t<div class=\"elementor-element elementor-element-f46701c wd-section-stretch e-flex e-con-boxed e-con e-parent\" data-id=\"f46701c\" data-element_type=\"container\" data-settings=\"{&quot;background_background&quot;:&quot;classic&quot;}\">\n\t\t\t\t\t<div class=\"e-con-inner\">\n\t\t<div class=\"elementor-element elementor-element-df118a7 e-con-full e-flex e-con e-child\" data-id=\"df118a7\" data-element_type=\"container\">\n\t\t\t\t<div class=\"elementor-element elementor-element-649c1fe elementor-widget elementor-widget-heading\" data-id=\"649c1fe\" data-element_type=\"widget\" data-widget_type=\"heading.default\">\n\t\t\t\t<div class=\"elementor-widget-container\">\n\t\t\t\t\t<h2 class=\"elementor-heading-title elementor-size-default\">Contact us<\/h2>\t\t\t\t<\/div>\n\t\t\t\t<\/div>\n\t\t\t\t<div class=\"elementor-element elementor-element-44d28fe elementor-widget elementor-widget-wd_text_block\" data-id=\"44d28fe\" data-element_type=\"widget\" data-widget_type=\"wd_text_block.default\">\n\t\t\t\t<div class=\"elementor-widget-container\">\n\t\t\t\t\t\t\t\t<link rel=\"stylesheet\" id=\"wd-text-block-css\" href=\"https:\/\/keunjoo.se\/wp-content\/themes\/woodmart\/css\/parts\/el-text-block.min.css?ver=7.4.3\" type=\"text\/css\" media=\"all\" \/> \t\t\t\t\t<div class=\"wd-text-block reset-last-child text-left\">\n\t\t\t\n\t\t\tWelcome to us at keun joo!\n\n\t\t\t\t\t<\/div>\n\t\t\t\t\t\t<\/div>\n\t\t\t\t<\/div>\n\t\t\t\t<div class=\"elementor-element elementor-element-3cf6bca align_icon_to_top elementor-widget elementor-widget-wd_list\" data-id=\"3cf6bca\" data-element_type=\"widget\" data-widget_type=\"wd_list.default\">\n\t\t\t\t<div class=\"elementor-widget-container\">\n\t\t\t\t\t\t\t\t<link rel=\"stylesheet\" id=\"wd-list-css\" href=\"https:\/\/keunjoo.se\/wp-content\/themes\/woodmart\/css\/parts\/el-list.min.css?ver=7.4.3\" type=\"text\/css\" media=\"all\" \/> \t\t\t\t\t<ul class=\"wd-list color-scheme-custom wd-fontsize-xs wd-list-type-icon wd-list-style-default wd-justify-left\">\n\t\t\t\t\t\t\t\t\t\t\t<li class=\"elementor-repeater-item-aa3c7f6\">\n\t\t\t\t\t\t\t\t\t\t\t<img decoding=\"async\" width=\"24\" height=\"24\" src=\"https:\/\/keunjoo.se\/wp-content\/uploads\/2024\/02\/pin-1.png\" class=\"attachment-thumbnail size-thumbnail\" alt=\"\" \/>\t\t\t\t\t\n\t\t\t\t\t<span class=\"list-content\">\n\t\t\t\t\t\tkeun joo<br>Klostergatan 2 \/<br>Norra j\u00e4rnv\u00e4gsgatan 10<br>352 30 V\u00e4xj\u00f6\t\t\t\t\t<\/span>\n\n\t\t\t\t\t\t\t\t\t<\/li>\n\t\t\t\t\t\t\t\t\t\t\t<li class=\"elementor-repeater-item-1cfd218\">\n\t\t\t\t\t\t\t\t\t\t\t<img decoding=\"async\" width=\"24\" height=\"24\" src=\"https:\/\/keunjoo.se\/wp-content\/uploads\/2024\/02\/phone.png\" class=\"attachment-thumbnail size-thumbnail\" alt=\"\" \/>\t\t\t\t\t\n\t\t\t\t\t<span class=\"list-content\">\n\t\t\t\t\t\t0470 - 72 40 50\t\t\t\t\t<\/span>\n\n\t\t\t\t\t\t\t\t\t<\/li>\n\t\t\t\t\t\t\t\t\t\t\t<li class=\"elementor-repeater-item-1cbe575\">\n\t\t\t\t\t\t\t\t\t\t\t<svg class=\"list-icon wd-icon e-font-icon-svg e-fas-star\" viewBox=\"0 0 576 512\" xmlns=\"http:\/\/www.w3.org\/2000\/svg\"><path d=\"M259.3 17.8L194 150.2 47.9 171.5c-26.2 3.8-36.7 36.1-17.7 54.6l105.7 103-25 145.5c-4.5 26.3 23.2 46 46.4 33.7L288 439.6l130.7 68.7c23.2 12.2 50.9-7.4 46.4-33.7l-25-145.5 105.7-103c19-18.5 8.5-50.8-17.7-54.6L382 150.2 316.7 17.8c-11.7-23.6-45.6-23.9-57.4 0z\"><\/path><\/svg>\t\t\t\t\t\n\t\t\t\t\t<span class=\"list-content\">\n\t\t\t\t\t\tinfo@keunjoo.se\t\t\t\t\t<\/span>\n\n\t\t\t\t\t\t\t\t\t<\/li>\n\t\t\t\t\t<\/ul>\n\n\t\t\t\t\t\t<\/div>\n\t\t\t\t<\/div>\n\t\t\t\t<\/div>\n\t\t<div class=\"elementor-element elementor-element-62cab49 e-con-full e-flex e-con e-child\" data-id=\"62cab49\" data-element_type=\"container\">\n\t\t\t\t<div class=\"elementor-element elementor-element-c449024 elementor-widget elementor-widget-html\" data-id=\"c449024\" data-element_type=\"widget\" data-widget_type=\"html.default\">\n\t\t\t\t<div class=\"elementor-widget-container\">\n\t\t\t\t\t<iframe src=\"https:\/\/www.google.com\/maps\/embed?pb=!1m18!1m12!1m3!1d2180.176335246801!2d14.804441276071584!3d56.87721950483056!2m3!1f0!2f0!3f0!3m2!1i1024!2i768!4f13.1!3m3!1m2!1s0x465723561e46437b%3A0xc3db72f98044ac77!2skeun%20joo%3A!5e0!3m2!1ssv!2sse!4v1709121314034!5m2!1ssv!2sse\" width=\"600\" height=\"450\" style=\"border:0;\" allowfullscreen=\"\" loading=\"lazy\" referrerpolicy=\"no-referrer-when-downgrade\"><\/iframe>\t\t\t\t<\/div>\n\t\t\t\t<\/div>\n\t\t\t\t<\/div>\n\t\t\t\t\t<\/div>\n\t\t\t\t<\/div>\n\t\t\t\t<\/div>\n\t\t","protected":false},"excerpt":{"rendered":"<p>Contact us Contact us Welcome to us at keun joo! keun jooKlostergatan 2 \/Norra j\u00e4rnv\u00e4gsgatan 10352 30 V\u00e4xj\u00f6 0470 &#8211;<\/p>\n","protected":false},"author":1,"featured_media":0,"parent":0,"menu_order":0,"comment_status":"closed","ping_status":"closed","template":"","meta":{"_acf_changed":false,"footnotes":""},"class_list":["post-2819","page","type-page","status-publish","hentry"],"acf":[],"yoast_head":"<!-- This site is optimized with the Yoast SEO plugin v27.3 - https:\/\/yoast.com\/product\/yoast-seo-wordpress\/ -->\n<title>Contact us - keun joo<\/title>\n<meta name=\"robots\" content=\"index, follow, max-snippet:-1, max-image-preview:large, max-video-preview:-1\" \/>\n<link rel=\"canonical\" href=\"https:\/\/keunjoo.se\/en\/contact-us\/\" \/>\n<meta property=\"og:locale\" content=\"en_US\" \/>\n<meta property=\"og:type\" content=\"article\" \/>\n<meta property=\"og:title\" content=\"Contact us - keun joo\" \/>\n<meta property=\"og:description\" content=\"Contact us Contact us Welcome to us at keun joo! keun jooKlostergatan 2 \/Norra j\u00e4rnv\u00e4gsgatan 10352 30 V\u00e4xj\u00f6 0470 &#8211;\" \/>\n<meta property=\"og:url\" content=\"https:\/\/keunjoo.se\/en\/contact-us\/\" \/>\n<meta property=\"og:site_name\" content=\"keun joo\" \/>\n<meta property=\"article:publisher\" content=\"https:\/\/www.facebook.com\/restaurangkeunjoo\" \/>\n<meta property=\"article:modified_time\" content=\"2024-04-13T17:30:55+00:00\" \/>\n<meta property=\"og:image\" content=\"https:\/\/keunjoo.se\/wp-content\/uploads\/2024\/02\/pin-1.png\" \/>\n<meta name=\"twitter:card\" content=\"summary_large_image\" \/>\n<script type=\"application\/ld+json\" class=\"yoast-schema-graph\">{\"@context\":\"https:\\\/\\\/schema.org\",\"@graph\":[{\"@type\":\"WebPage\",\"@id\":\"https:\\\/\\\/keunjoo.se\\\/en\\\/contact-us\\\/\",\"url\":\"https:\\\/\\\/keunjoo.se\\\/en\\\/contact-us\\\/\",\"name\":\"Contact us - keun joo\",\"isPartOf\":{\"@id\":\"https:\\\/\\\/keunjoo.se\\\/en\\\/#website\"},\"primaryImageOfPage\":{\"@id\":\"https:\\\/\\\/keunjoo.se\\\/en\\\/contact-us\\\/#primaryimage\"},\"image\":{\"@id\":\"https:\\\/\\\/keunjoo.se\\\/en\\\/contact-us\\\/#primaryimage\"},\"thumbnailUrl\":\"https:\\\/\\\/keunjoo.se\\\/wp-content\\\/uploads\\\/2024\\\/02\\\/pin-1.png\",\"datePublished\":\"2020-08-13T08:43:26+00:00\",\"dateModified\":\"2024-04-13T17:30:55+00:00\",\"breadcrumb\":{\"@id\":\"https:\\\/\\\/keunjoo.se\\\/en\\\/contact-us\\\/#breadcrumb\"},\"inLanguage\":\"en-US\",\"potentialAction\":[{\"@type\":\"ReadAction\",\"target\":[\"https:\\\/\\\/keunjoo.se\\\/en\\\/contact-us\\\/\"]}]},{\"@type\":\"ImageObject\",\"inLanguage\":\"en-US\",\"@id\":\"https:\\\/\\\/keunjoo.se\\\/en\\\/contact-us\\\/#primaryimage\",\"url\":\"https:\\\/\\\/keunjoo.se\\\/wp-content\\\/uploads\\\/2024\\\/02\\\/pin-1.png\",\"contentUrl\":\"https:\\\/\\\/keunjoo.se\\\/wp-content\\\/uploads\\\/2024\\\/02\\\/pin-1.png\"},{\"@type\":\"BreadcrumbList\",\"@id\":\"https:\\\/\\\/keunjoo.se\\\/en\\\/contact-us\\\/#breadcrumb\",\"itemListElement\":[{\"@type\":\"ListItem\",\"position\":1,\"name\":\"Hem\",\"item\":\"https:\\\/\\\/keunjoo.se\\\/en\\\/home\\\/\"},{\"@type\":\"ListItem\",\"position\":2,\"name\":\"Contact us\"}]},{\"@type\":\"WebSite\",\"@id\":\"https:\\\/\\\/keunjoo.se\\\/en\\\/#website\",\"url\":\"https:\\\/\\\/keunjoo.se\\\/en\\\/\",\"name\":\"keun joo\",\"description\":\"Eny ny matupplevelse i V\u00e4xj\u00f6\",\"publisher\":{\"@id\":\"https:\\\/\\\/keunjoo.se\\\/en\\\/#organization\"},\"potentialAction\":[{\"@type\":\"SearchAction\",\"target\":{\"@type\":\"EntryPoint\",\"urlTemplate\":\"https:\\\/\\\/keunjoo.se\\\/en\\\/?s={search_term_string}\"},\"query-input\":{\"@type\":\"PropertyValueSpecification\",\"valueRequired\":true,\"valueName\":\"search_term_string\"}}],\"inLanguage\":\"en-US\"},{\"@type\":\"Organization\",\"@id\":\"https:\\\/\\\/keunjoo.se\\\/en\\\/#organization\",\"name\":\"keun joo\",\"url\":\"https:\\\/\\\/keunjoo.se\\\/en\\\/\",\"logo\":{\"@type\":\"ImageObject\",\"inLanguage\":\"en-US\",\"@id\":\"https:\\\/\\\/keunjoo.se\\\/en\\\/#\\\/schema\\\/logo\\\/image\\\/\",\"url\":\"https:\\\/\\\/keunjoo.se\\\/wp-content\\\/uploads\\\/2020\\\/08\\\/logo.svg\",\"contentUrl\":\"https:\\\/\\\/keunjoo.se\\\/wp-content\\\/uploads\\\/2020\\\/08\\\/logo.svg\",\"width\":255,\"height\":85,\"caption\":\"keun joo\"},\"image\":{\"@id\":\"https:\\\/\\\/keunjoo.se\\\/en\\\/#\\\/schema\\\/logo\\\/image\\\/\"},\"sameAs\":[\"https:\\\/\\\/www.facebook.com\\\/restaurangkeunjoo\"]}]}<\/script>\n<!-- \/ Yoast SEO plugin. -->","yoast_head_json":{"title":"Contact us - keun joo","robots":{"index":"index","follow":"follow","max-snippet":"max-snippet:-1","max-image-preview":"max-image-preview:large","max-video-preview":"max-video-preview:-1"},"canonical":"https:\/\/keunjoo.se\/en\/contact-us\/","og_locale":"en_US","og_type":"article","og_title":"Contact us - keun joo","og_description":"Contact us Contact us Welcome to us at keun joo! keun jooKlostergatan 2 \/Norra j\u00e4rnv\u00e4gsgatan 10352 30 V\u00e4xj\u00f6 0470 &#8211;","og_url":"https:\/\/keunjoo.se\/en\/contact-us\/","og_site_name":"keun joo","article_publisher":"https:\/\/www.facebook.com\/restaurangkeunjoo","article_modified_time":"2024-04-13T17:30:55+00:00","og_image":[{"url":"https:\/\/keunjoo.se\/wp-content\/uploads\/2024\/02\/pin-1.png","type":"","width":"","height":""}],"twitter_card":"summary_large_image","schema":{"@context":"https:\/\/schema.org","@graph":[{"@type":"WebPage","@id":"https:\/\/keunjoo.se\/en\/contact-us\/","url":"https:\/\/keunjoo.se\/en\/contact-us\/","name":"Contact us - keun joo","isPartOf":{"@id":"https:\/\/keunjoo.se\/en\/#website"},"primaryImageOfPage":{"@id":"https:\/\/keunjoo.se\/en\/contact-us\/#primaryimage"},"image":{"@id":"https:\/\/keunjoo.se\/en\/contact-us\/#primaryimage"},"thumbnailUrl":"https:\/\/keunjoo.se\/wp-content\/uploads\/2024\/02\/pin-1.png","datePublished":"2020-08-13T08:43:26+00:00","dateModified":"2024-04-13T17:30:55+00:00","breadcrumb":{"@id":"https:\/\/keunjoo.se\/en\/contact-us\/#breadcrumb"},"inLanguage":"en-US","potentialAction":[{"@type":"ReadAction","target":["https:\/\/keunjoo.se\/en\/contact-us\/"]}]},{"@type":"ImageObject","inLanguage":"en-US","@id":"https:\/\/keunjoo.se\/en\/contact-us\/#primaryimage","url":"https:\/\/keunjoo.se\/wp-content\/uploads\/2024\/02\/pin-1.png","contentUrl":"https:\/\/keunjoo.se\/wp-content\/uploads\/2024\/02\/pin-1.png"},{"@type":"BreadcrumbList","@id":"https:\/\/keunjoo.se\/en\/contact-us\/#breadcrumb","itemListElement":[{"@type":"ListItem","position":1,"name":"Hem","item":"https:\/\/keunjoo.se\/en\/home\/"},{"@type":"ListItem","position":2,"name":"Contact us"}]},{"@type":"WebSite","@id":"https:\/\/keunjoo.se\/en\/#website","url":"https:\/\/keunjoo.se\/en\/","name":"keun joo","description":"Eny ny matupplevelse i V\u00e4xj\u00f6","publisher":{"@id":"https:\/\/keunjoo.se\/en\/#organization"},"potentialAction":[{"@type":"SearchAction","target":{"@type":"EntryPoint","urlTemplate":"https:\/\/keunjoo.se\/en\/?s={search_term_string}"},"query-input":{"@type":"PropertyValueSpecification","valueRequired":true,"valueName":"search_term_string"}}],"inLanguage":"en-US"},{"@type":"Organization","@id":"https:\/\/keunjoo.se\/en\/#organization","name":"keun joo","url":"https:\/\/keunjoo.se\/en\/","logo":{"@type":"ImageObject","inLanguage":"en-US","@id":"https:\/\/keunjoo.se\/en\/#\/schema\/logo\/image\/","url":"https:\/\/keunjoo.se\/wp-content\/uploads\/2020\/08\/logo.svg","contentUrl":"https:\/\/keunjoo.se\/wp-content\/uploads\/2020\/08\/logo.svg","width":255,"height":85,"caption":"keun joo"},"image":{"@id":"https:\/\/keunjoo.se\/en\/#\/schema\/logo\/image\/"},"sameAs":["https:\/\/www.facebook.com\/restaurangkeunjoo"]}]}},"_links":{"self":[{"href":"https:\/\/keunjoo.se\/en\/wp-json\/wp\/v2\/pages\/2819","targetHints":{"allow":["GET"]}}],"collection":[{"href":"https:\/\/keunjoo.se\/en\/wp-json\/wp\/v2\/pages"}],"about":[{"href":"https:\/\/keunjoo.se\/en\/wp-json\/wp\/v2\/types\/page"}],"author":[{"embeddable":true,"href":"https:\/\/keunjoo.se\/en\/wp-json\/wp\/v2\/users\/1"}],"replies":[{"embeddable":true,"href":"https:\/\/keunjoo.se\/en\/wp-json\/wp\/v2\/comments?post=2819"}],"version-history":[{"count":11,"href":"https:\/\/keunjoo.se\/en\/wp-json\/wp\/v2\/pages\/2819\/revisions"}],"predecessor-version":[{"id":3954,"href":"https:\/\/keunjoo.se\/en\/wp-json\/wp\/v2\/pages\/2819\/revisions\/3954"}],"wp:attachment":[{"href":"https:\/\/keunjoo.se\/en\/wp-json\/wp\/v2\/media?parent=2819"}],"curies":[{"name":"wp","href":"https:\/\/api.w.org\/{rel}","templated":true}]}}